{"id":94,"date":"2021-12-30T10:27:35","date_gmt":"2021-12-30T10:27:35","guid":{"rendered":"https:\/\/1222f.se\/?page_id=94"},"modified":"2021-12-30T10:29:00","modified_gmt":"2021-12-30T10:29:00","slug":"tvattmaskin-och-torktumlare","status":"publish","type":"page","link":"https:\/\/1222f.se\/index.php\/tvattmaskin-och-torktumlare\/","title":{"rendered":"Tv\u00e4ttmaskin och torktumlare"},"content":{"rendered":"<p>Tv\u00e4ttmaskin och torktumlare finns i badrummet.<\/p>\n<p>Beh\u00f6ver du l\u00e5na en tv\u00e4ttp\u00e5se finns en svart i lilla gr\u00e5 sk\u00e5pet inuti st\u00e4dsk\u00e5pet att l\u00e5na. V\u00e4nligen l\u00e4gg tillbaka tv\u00e4ttp\u00e5sen efter anv\u00e4ndning s\u00e5 att \u00e4ven andra kan l\u00e5na efter Dig.<\/p>\n<p>Ta bort ludd i torktumlaren efter anv\u00e4ndning.<\/p>\n","protected":false},"excerpt":{"rendered":"<p>Tv\u00e4ttmaskin och torktumlare finns i badrummet. Beh\u00f6ver du l\u00e5na en tv\u00e4ttp\u00e5se finns en svart i lilla gr\u00e5 sk\u00e5pet inuti st\u00e4dsk\u00e5pet att l\u00e5na. V\u00e4nligen l\u00e4gg tillbaka tv\u00e4ttp\u00e5sen efter anv\u00e4ndning s\u00e5 att \u00e4ven andra kan l\u00e5na efter Dig. Ta bort ludd i torktumlaren efter anv\u00e4ndning.<\/p>\n","protected":false},"author":1,"featured_media":0,"parent":0,"menu_order":0,"comment_status":"closed","ping_status":"closed","template":"","meta":{"footnotes":""},"class_list":["post-94","page","type-page","status-publish","hentry"],"_links":{"self":[{"href":"https:\/\/1222f.se\/index.php\/wp-json\/wp\/v2\/pages\/94","targetHints":{"allow":["GET"]}}],"collection":[{"href":"https:\/\/1222f.se\/index.php\/wp-json\/wp\/v2\/pages"}],"about":[{"href":"https:\/\/1222f.se\/index.php\/wp-json\/wp\/v2\/types\/page"}],"author":[{"embeddable":true,"href":"https:\/\/1222f.se\/index.php\/wp-json\/wp\/v2\/users\/1"}],"replies":[{"embeddable":true,"href":"https:\/\/1222f.se\/index.php\/wp-json\/wp\/v2\/comments?post=94"}],"version-history":[{"count":1,"href":"https:\/\/1222f.se\/index.php\/wp-json\/wp\/v2\/pages\/94\/revisions"}],"predecessor-version":[{"id":95,"href":"https:\/\/1222f.se\/index.php\/wp-json\/wp\/v2\/pages\/94\/revisions\/95"}],"wp:attachment":[{"href":"https:\/\/1222f.se\/index.php\/wp-json\/wp\/v2\/media?parent=94"}],"curies":[{"name":"wp","href":"https:\/\/api.w.org\/{rel}","templated":true}]}}