{"id":76,"date":"2021-12-29T16:13:48","date_gmt":"2021-12-29T16:13:48","guid":{"rendered":"https:\/\/1222f.se\/?page_id=76"},"modified":"2021-12-30T10:23:27","modified_gmt":"2021-12-30T10:23:27","slug":"koket","status":"publish","type":"page","link":"https:\/\/1222f.se\/index.php\/koket\/","title":{"rendered":"K\u00f6ket"},"content":{"rendered":"<p>Vi hoppas att ni hittar det ni beh\u00f6ver i k\u00f6ket under er vistelse. Om ni saknar n\u00e5got s\u00e5 kontakta oss g\u00e4rna! Om, mot f\u00f6rmodan, n\u00e5got g\u00e5tt s\u00f6nder eller om ni uppt\u00e4ckt att n\u00e5got &#8221;f\u00e5tt f\u00f6tter&#8221; h\u00f6r av er till <a href=\"https:\/\/www.klappen.se\/\">Kl\u00e4ppen (klappen.se)<\/a> s\u00e5 hj\u00e4lper de er.<\/p>\n<p>I detta k\u00f6k ska f\u00f6ljande ing\u00e5:<\/p>\n<table style=\"height: 2309px;\" width=\"333\">\n<tbody>\n<tr>\n<td width=\"218\">Bakform i metall<\/td>\n<td width=\"69\">1 styck<\/td>\n<\/tr>\n<tr>\n<td>Bakformar i silikon<\/td>\n<td>3 stycken<\/td>\n<\/tr>\n<tr>\n<td>Durkslag<\/td>\n<td>1 styck<\/td>\n<\/tr>\n<tr>\n<td>Gafflar<\/td>\n<td>10 stycken<\/td>\n<\/tr>\n<tr>\n<td>Gafflar i plast<\/td>\n<td>5 stycken<\/td>\n<\/tr>\n<tr>\n<td>Grytunderl\u00e4gg<\/td>\n<td>3 stycken<\/td>\n<\/tr>\n<tr>\n<td>Kaffekoppar<\/td>\n<td>10 stycken<\/td>\n<\/tr>\n<tr>\n<td>Kastruller med lock\u00a0 i olika storlekar<\/td>\n<td>5 stycken<\/td>\n<\/tr>\n<tr>\n<td>Knivar i olika storlekar<\/td>\n<td>4 stycken<\/td>\n<\/tr>\n<tr>\n<td>Knivar i plast<\/td>\n<td>5 stycken<\/td>\n<\/tr>\n<tr>\n<td>Knivar mat<\/td>\n<td>10 stycken<\/td>\n<\/tr>\n<tr>\n<td>Konserv\u00f6ppnare<\/td>\n<td>1 styck<\/td>\n<\/tr>\n<tr>\n<td>Margrethesk\u00e5lar<\/td>\n<td>3 stycken<\/td>\n<\/tr>\n<tr>\n<td>Mj\u00f6lkkanna<\/td>\n<td>1 styck<\/td>\n<\/tr>\n<tr>\n<td>M\u00e5tt<\/td>\n<td>5 stycken<\/td>\n<\/tr>\n<tr>\n<td>Osthyvel<\/td>\n<td>1 styck<\/td>\n<\/tr>\n<tr>\n<td>Pastaslev<\/td>\n<td>1 styck<\/td>\n<\/tr>\n<tr>\n<td>Plastgaffel<\/td>\n<td>1 styck<\/td>\n<\/tr>\n<tr>\n<td>Plastglas<\/td>\n<td>5 stycken<\/td>\n<\/tr>\n<tr>\n<td>Porslinssk\u00e5lar i olika storlekar<\/td>\n<td>3 stycken<\/td>\n<\/tr>\n<tr>\n<td>Rivj\u00e4rn<\/td>\n<td>1 styck<\/td>\n<\/tr>\n<tr>\n<td>Salladsbestick<\/td>\n<td>1 set<\/td>\n<\/tr>\n<tr>\n<td>Sax<\/td>\n<td>1 styck<\/td>\n<\/tr>\n<tr>\n<td>Shotsglas<\/td>\n<td>10 stycken<\/td>\n<\/tr>\n<tr>\n<td>Sil<\/td>\n<td>1 styck<\/td>\n<\/tr>\n<tr>\n<td>Skedar i plast<\/td>\n<td>5 stycken<\/td>\n<\/tr>\n<tr>\n<td>Skedar sm\u00e5<\/td>\n<td>10 stycken<\/td>\n<\/tr>\n<tr>\n<td>Skedar stora<\/td>\n<td>10 stycken<\/td>\n<\/tr>\n<tr>\n<td>Sk\u00e4rbr\u00e4dor<\/td>\n<td>2 stycken<\/td>\n<\/tr>\n<tr>\n<td>Slev<\/td>\n<td>1 styck<\/td>\n<\/tr>\n<tr>\n<td>Slickepott<\/td>\n<td>1 styck<\/td>\n<\/tr>\n<tr>\n<td>Sm\u00f6rknivar<\/td>\n<td>2 stycken<\/td>\n<\/tr>\n<tr>\n<td>Sockerkar<\/td>\n<td>1 styck<\/td>\n<\/tr>\n<tr>\n<td>Sockersk\u00e5l<\/td>\n<td>1 styck<\/td>\n<\/tr>\n<tr>\n<td>Soppslev i metall<\/td>\n<td>1 styck<\/td>\n<\/tr>\n<tr>\n<td>Soppslev i plast<\/td>\n<td>1 styck<\/td>\n<\/tr>\n<tr>\n<td>Stavmixeer<\/td>\n<td>1 styck<\/td>\n<\/tr>\n<tr>\n<td>Stekpanna<\/td>\n<td>1 styck<\/td>\n<\/tr>\n<tr>\n<td>Stekspade<\/td>\n<td>1 styck<\/td>\n<\/tr>\n<tr>\n<td>S\u00e5skanna<\/td>\n<td>1 styck<\/td>\n<\/tr>\n<tr>\n<td>Tallrikar djupa<\/td>\n<td>10 stycken<\/td>\n<\/tr>\n<tr>\n<td>Tallrikar djupa i plast<\/td>\n<td>5 stycken<\/td>\n<\/tr>\n<tr>\n<td>Tallrikar flata i plast<\/td>\n<td>5 stycken<\/td>\n<\/tr>\n<tr>\n<td>Tallrikar sm\u00e5\/mat<\/td>\n<td>10 stycken<\/td>\n<\/tr>\n<tr>\n<td>Tallrikar stora\/mat<\/td>\n<td>10 stycken<\/td>\n<\/tr>\n<tr>\n<td>Termoskanna<\/td>\n<td>1 styck<\/td>\n<\/tr>\n<tr>\n<td>Tillbeh\u00f6r till stavmixer<\/td>\n<td>2 stycken<\/td>\n<\/tr>\n<tr>\n<td>Tillbringare<\/td>\n<td>1 styck<\/td>\n<\/tr>\n<tr>\n<td>Tr\u00e4sk\u00e5lar i olika storlekar ovala<\/td>\n<td>2 stycken<\/td>\n<\/tr>\n<tr>\n<td>Tr\u00e4sk\u00e5lar i olika storlekar, runda<\/td>\n<td>5 stycken<\/td>\n<\/tr>\n<tr>\n<td>Tumblerglas<\/td>\n<td>10 stycken<\/td>\n<\/tr>\n<tr>\n<td>T\u00e5rtspade<\/td>\n<td>1 styck<\/td>\n<\/tr>\n<tr>\n<td>Ugnsfast form i glas, oval<\/td>\n<td>1 styck<\/td>\n<\/tr>\n<tr>\n<td>Ugnsfast form i glas, rektangul\u00e4r<\/td>\n<td>1 styck<\/td>\n<\/tr>\n<tr>\n<td>Uppl\u00e4ggningsfat<\/td>\n<td>2 stycken<\/td>\n<\/tr>\n<tr>\n<td>Uppl\u00e4ggningssked i metall<\/td>\n<td>1 styck<\/td>\n<\/tr>\n<tr>\n<td>Vattenglas<\/td>\n<td>10 stycken<\/td>\n<\/tr>\n<tr>\n<td>Vin\/\u00f6l-\u00f6ppnare<\/td>\n<td>1 styck<\/td>\n<\/tr>\n<tr>\n<td>Vinglas<\/td>\n<td>10 stycken<\/td>\n<\/tr>\n<tr>\n<td>Visp<\/td>\n<td>1 styck<\/td>\n<\/tr>\n<tr>\n<td>Visp till stavmixer<\/td>\n<td>1 styck<\/td>\n<\/tr>\n<tr>\n<td>Vitl\u00f6kspress<\/td>\n<td>1 styck<\/td>\n<\/tr>\n<tr>\n<td>\u00c4ggkoppar<\/td>\n<td>10 stycken<\/td>\n<\/tr>\n<\/tbody>\n<\/table>\n<p>&nbsp;<\/p>\n<p>&nbsp;<\/p>\n<p>&nbsp;<\/p>\n<p>&nbsp;<\/p>\n<p>&nbsp;<\/p>\n","protected":false},"excerpt":{"rendered":"<p>Vi hoppas att ni hittar det ni beh\u00f6ver i k\u00f6ket under er vistelse. Om ni saknar n\u00e5got s\u00e5 kontakta oss g\u00e4rna! Om, mot f\u00f6rmodan, n\u00e5got g\u00e5tt s\u00f6nder eller om ni uppt\u00e4ckt att n\u00e5got &#8221;f\u00e5tt f\u00f6tter&#8221; h\u00f6r av er till Kl\u00e4ppen (klappen.se) s\u00e5 hj\u00e4lper de er. I detta k\u00f6k ska f\u00f6ljande ing\u00e5: Bakform i metall 1 [&hellip;]<\/p>\n","protected":false},"author":1,"featured_media":0,"parent":0,"menu_order":0,"comment_status":"closed","ping_status":"closed","template":"","meta":{"footnotes":""},"class_list":["post-76","page","type-page","status-publish","hentry"],"_links":{"self":[{"href":"https:\/\/1222f.se\/index.php\/wp-json\/wp\/v2\/pages\/76","targetHints":{"allow":["GET"]}}],"collection":[{"href":"https:\/\/1222f.se\/index.php\/wp-json\/wp\/v2\/pages"}],"about":[{"href":"https:\/\/1222f.se\/index.php\/wp-json\/wp\/v2\/types\/page"}],"author":[{"embeddable":true,"href":"https:\/\/1222f.se\/index.php\/wp-json\/wp\/v2\/users\/1"}],"replies":[{"embeddable":true,"href":"https:\/\/1222f.se\/index.php\/wp-json\/wp\/v2\/comments?post=76"}],"version-history":[{"count":4,"href":"https:\/\/1222f.se\/index.php\/wp-json\/wp\/v2\/pages\/76\/revisions"}],"predecessor-version":[{"id":93,"href":"https:\/\/1222f.se\/index.php\/wp-json\/wp\/v2\/pages\/76\/revisions\/93"}],"wp:attachment":[{"href":"https:\/\/1222f.se\/index.php\/wp-json\/wp\/v2\/media?parent=76"}],"curies":[{"name":"wp","href":"https:\/\/api.w.org\/{rel}","templated":true}]}}