{"id":65,"date":"2022-12-29T15:33:13","date_gmt":"2022-12-29T15:33:13","guid":{"rendered":"https:\/\/1222f.se\/?page_id=65"},"modified":"2022-12-29T21:08:37","modified_gmt":"2022-12-29T21:08:37","slug":"tvn","status":"publish","type":"page","link":"https:\/\/1222f.se\/index.php\/tvn\/","title":{"rendered":"TV&#8217;n"},"content":{"rendered":"<p>I l\u00e4genheten finns en modern TV utrustad med Chromecast med menysystem fr\u00e5n LG samt fj\u00e4rrkontroll.<\/p>\n<p>Det finns \u00e4ven Analog-TV som du kan v\u00e4lja att titta p\u00e5.<\/p>\n<p>H\u00e4r \u00e4r ett urval av vad som finns:<\/p>\n<p>F\u00f6r att streama fr\u00e5n din egen telefon eller dator v\u00e4lj HDMI1.<\/p>\n<p>Appen SVT. &#8221;Vanlig&#8221; TV. Nyheter, Sport, Dokument\u00e4rer, Filmer, Musik, Barn mm.<\/p>\n<p>Appen Rakuten TV. Har m\u00e5nga gratis alternativ utan att beh\u00f6va logga in. Fler gratis-alternativ finns om Du vill logga in med ex email-adress. Finns svensk text kan du ex klicka p\u00e5 &#8221;hjulet&#8221; p\u00e5 TV-dosan och v\u00e4lja &#8221;ljud och undertexter&#8221;.<\/p>\n<p>Appen Plex. Amerikansk TV med nyheter, barnprogram och mycket annat.<\/p>\n<p>Appen Webbl\u00e4sare. G\u00e5 in p\u00e5 <a href=\"https:\/\/www.web-TV.nu\">www.web-TV.nu<\/a>\u00a0 och skapa ett konto (gratis) s\u00e5 finns underh\u00e5llning fr\u00e5n svenska kanaler som TV3, Kanal 9,<\/p>\n<p>Testa g\u00e4rna \u00e4ven appen YouTube, Facebook Watch, Twitch eller varf\u00f6r inte v\u00e4lja Fireplace Relax och f\u00e5 en fin brasa.<\/p>\n<p>Naturligtvis kan Du \u00e4ven koppla in ex Nintendo Switch om Du har en spelkonsol.<\/p>\n<p>&nbsp;<\/p>\n","protected":false},"excerpt":{"rendered":"<p>I l\u00e4genheten finns en modern TV utrustad med Chromecast med menysystem fr\u00e5n LG samt fj\u00e4rrkontroll. Det finns \u00e4ven Analog-TV som du kan v\u00e4lja att titta p\u00e5. H\u00e4r \u00e4r ett urval av vad som finns: F\u00f6r att streama fr\u00e5n din egen telefon eller dator v\u00e4lj HDMI1. Appen SVT. &#8221;Vanlig&#8221; TV. Nyheter, Sport, Dokument\u00e4rer, Filmer, Musik, Barn [&hellip;]<\/p>\n","protected":false},"author":1,"featured_media":0,"parent":0,"menu_order":0,"comment_status":"closed","ping_status":"closed","template":"","meta":{"footnotes":""},"class_list":["post-65","page","type-page","status-publish","hentry"],"_links":{"self":[{"href":"https:\/\/1222f.se\/index.php\/wp-json\/wp\/v2\/pages\/65","targetHints":{"allow":["GET"]}}],"collection":[{"href":"https:\/\/1222f.se\/index.php\/wp-json\/wp\/v2\/pages"}],"about":[{"href":"https:\/\/1222f.se\/index.php\/wp-json\/wp\/v2\/types\/page"}],"author":[{"embeddable":true,"href":"https:\/\/1222f.se\/index.php\/wp-json\/wp\/v2\/users\/1"}],"replies":[{"embeddable":true,"href":"https:\/\/1222f.se\/index.php\/wp-json\/wp\/v2\/comments?post=65"}],"version-history":[{"count":11,"href":"https:\/\/1222f.se\/index.php\/wp-json\/wp\/v2\/pages\/65\/revisions"}],"predecessor-version":[{"id":129,"href":"https:\/\/1222f.se\/index.php\/wp-json\/wp\/v2\/pages\/65\/revisions\/129"}],"wp:attachment":[{"href":"https:\/\/1222f.se\/index.php\/wp-json\/wp\/v2\/media?parent=65"}],"curies":[{"name":"wp","href":"https:\/\/api.w.org\/{rel}","templated":true}]}}