{"id":102,"date":"2021-12-30T10:45:43","date_gmt":"2021-12-30T10:45:43","guid":{"rendered":"https:\/\/1222f.se\/?page_id=102"},"modified":"2021-12-30T10:56:04","modified_gmt":"2021-12-30T10:56:04","slug":"att-gora-i-klappen-salen-sommartid","status":"publish","type":"page","link":"https:\/\/1222f.se\/index.php\/att-gora-i-klappen-salen-sommartid\/","title":{"rendered":"Att g\u00f6ra i Kl\u00e4ppen\/S\u00e4len sommartid"},"content":{"rendered":"<p>Kl\u00e4ppen erbjuder m\u00e5nga aktiviteter under v\u00e5r, sommar och h\u00f6st.<\/p>\n<p><strong>Kanotturer<\/strong><\/p>\n<p><strong>SUP p\u00e5 \u00e4lven<\/strong><\/p>\n<p><strong>Padel<\/strong><\/p>\n<p><strong>L\u00f6pning i fj\u00e4llen<\/strong><\/p>\n<p><strong>Vandring i fj\u00e4llen<\/strong><\/p>\n<p><strong>Minigolf<\/strong><\/p>\n<p><strong>Hinderbana<\/strong><\/p>\n<p><strong>Mountainbike<\/strong><\/p>\n<p>F\u00f6r mer info om aktiviteterna ovan l\u00e4s g\u00e4rna mer h\u00e4r; <a href=\"https:\/\/www.klappen.se\/att-gora\/sommaraktiviteter\/\">Kl\u00e4ppen (klappen.se)<\/a><\/p>\n<p>&nbsp;<\/p>\n<p>Det finns \u00e4ven m\u00e5nga andra aktiviteter i S\u00e4len:<\/p>\n<p><strong>Bowling, spel och bad p\u00e5 Experium<\/strong><\/p>\n<p><strong>Downhill i Lindvallen<\/strong><\/p>\n<p><strong>Turridning p\u00e5 h\u00e4st<\/strong><\/p>\n<p><strong>Gastronomy Walk<\/strong><\/p>\n<p><strong>Hyr en hund f\u00f6r en dag<\/strong><\/p>\n<p><strong>Paintball<\/strong><\/p>\n<p><strong>SPA<\/strong><\/p>\n<p><strong>H\u00f6gh\u00f6jdsbana<\/strong><\/p>\n<p><strong>Kultur<\/strong><\/p>\n<p>F\u00f6r mer info l\u00e4s g\u00e4rna mer h\u00e4r; <a href=\"https:\/\/sommar.salen.se\/gora\/\">G\u00f6ra | S\u00c4LEN SOMMAR OCH H\u00d6ST (salen.se)<\/a><\/p>\n","protected":false},"excerpt":{"rendered":"<p>Kl\u00e4ppen erbjuder m\u00e5nga aktiviteter under v\u00e5r, sommar och h\u00f6st. Kanotturer SUP p\u00e5 \u00e4lven Padel L\u00f6pning i fj\u00e4llen Vandring i fj\u00e4llen Minigolf Hinderbana Mountainbike F\u00f6r mer info om aktiviteterna ovan l\u00e4s g\u00e4rna mer h\u00e4r; Kl\u00e4ppen (klappen.se) &nbsp; Det finns \u00e4ven m\u00e5nga andra aktiviteter i S\u00e4len: Bowling, spel och bad p\u00e5 Experium Downhill i Lindvallen Turridning p\u00e5 [&hellip;]<\/p>\n","protected":false},"author":1,"featured_media":0,"parent":0,"menu_order":0,"comment_status":"closed","ping_status":"closed","template":"","meta":{"footnotes":""},"class_list":["post-102","page","type-page","status-publish","hentry"],"_links":{"self":[{"href":"https:\/\/1222f.se\/index.php\/wp-json\/wp\/v2\/pages\/102","targetHints":{"allow":["GET"]}}],"collection":[{"href":"https:\/\/1222f.se\/index.php\/wp-json\/wp\/v2\/pages"}],"about":[{"href":"https:\/\/1222f.se\/index.php\/wp-json\/wp\/v2\/types\/page"}],"author":[{"embeddable":true,"href":"https:\/\/1222f.se\/index.php\/wp-json\/wp\/v2\/users\/1"}],"replies":[{"embeddable":true,"href":"https:\/\/1222f.se\/index.php\/wp-json\/wp\/v2\/comments?post=102"}],"version-history":[{"count":4,"href":"https:\/\/1222f.se\/index.php\/wp-json\/wp\/v2\/pages\/102\/revisions"}],"predecessor-version":[{"id":106,"href":"https:\/\/1222f.se\/index.php\/wp-json\/wp\/v2\/pages\/102\/revisions\/106"}],"wp:attachment":[{"href":"https:\/\/1222f.se\/index.php\/wp-json\/wp\/v2\/media?parent=102"}],"curies":[{"name":"wp","href":"https:\/\/api.w.org\/{rel}","templated":true}]}}